{"id":476,"date":"2025-08-26T16:10:58","date_gmt":"2025-08-26T16:10:58","guid":{"rendered":"https:\/\/andreabartolifangio.it\/?page_id=476"},"modified":"2025-08-29T10:50:33","modified_gmt":"2025-08-29T10:50:33","slug":"14-beachlab_delitto","status":"publish","type":"page","link":"https:\/\/andreabartolifangio.it\/index.php\/proposte\/scuole\/secondogrado\/14-beachlab_delitto\/","title":{"rendered":"14 &#8211; BeachLab con delitto"},"content":{"rendered":"\t\t<div data-elementor-type=\"wp-page\" data-elementor-id=\"476\" class=\"elementor elementor-476\">\n\t\t\t\t<div class=\"elementor-element elementor-element-20a8e78 e-flex e-con-boxed e-con e-parent\" data-id=\"20a8e78\" data-element_type=\"container\" data-e-type=\"container\">\n\t\t\t\t\t<div class=\"e-con-inner\">\n\t\t\t\t<div class=\"elementor-element elementor-element-525b412 elementor-widget elementor-widget-text-editor\" data-id=\"525b412\" data-element_type=\"widget\" data-e-type=\"widget\" data-widget_type=\"text-editor.default\">\n\t\t\t\t\t\t\t\t\t<p>Classi 1\u00b0-5\u00b0<\/p>\t\t\t\t\t\t\t\t<\/div>\n\t\t\t\t<div class=\"elementor-element elementor-element-3ba27d4 elementor-widget elementor-widget-text-editor\" data-id=\"3ba27d4\" data-element_type=\"widget\" data-e-type=\"widget\" data-widget_type=\"text-editor.default\">\n\t\t\t\t\t\t\t\t\t<p><span class=\"a_GcMg font-feature-liga-on font-feature-clig-on font-feature-calt-on text-decoration-none text-strikethrough-none\">Una passeggiata-laboratorio lungo la spiaggia per imparare a conoscere e comprendere gli ecosistemi del litorale sabbioso e del delicatissimo e prezioso ambiente dunale. Una sequenza di giochi e attivit\u00e0 ci preparer\u00e0 per affrontare la grande prova finale: un eco-delitto misterioso e terribile \u00e8 stato commesso sulle dune; le vostre doti investigative riusciranno a risolvere finalmente il giallo e incastrare il colpevole?<\/span><\/p>\t\t\t\t\t\t\t\t<\/div>\n\t\t\t\t<div class=\"elementor-element elementor-element-a105d93 elementor-widget elementor-widget-text-editor\" data-id=\"a105d93\" data-element_type=\"widget\" data-e-type=\"widget\" data-widget_type=\"text-editor.default\">\n\t\t\t\t\t\t\t\t\t<p>#scienze #educazione civica<\/p>\t\t\t\t\t\t\t\t<\/div>\n\t\t\t\t\t<\/div>\n\t\t\t\t<\/div>\n\t\t<div class=\"elementor-element elementor-element-ca03a1b e-flex e-con-boxed e-con e-parent\" data-id=\"ca03a1b\" data-element_type=\"container\" data-e-type=\"container\">\n\t\t\t\t\t<div class=\"e-con-inner\">\n\t\t\t\t<div class=\"elementor-element elementor-element-0e6ad9d elementor-widget elementor-widget-text-editor\" data-id=\"0e6ad9d\" data-element_type=\"widget\" data-e-type=\"widget\" data-widget_type=\"text-editor.default\">\n\t\t\t\t\t\t\t\t\t<div><h4>Obiettivi didattici:<\/h4><\/div><ul><li><span class=\"a_GcMg font-feature-liga-on font-feature-clig-on font-feature-calt-on text-decoration-none text-strikethrough-none\">Acquisire il concetto di ecosistema;<\/span><\/li><li><span class=\"a_GcMg font-feature-liga-on font-feature-clig-on font-feature-calt-on text-decoration-none text-strikethrough-none\">Imparare a conoscere gli ecosistemi costieri mediterranei della spiaggia sabbiosa;<\/span><\/li><li><span class=\"a_GcMg font-feature-liga-on font-feature-clig-on font-feature-calt-on text-decoration-none text-strikethrough-none\">Osservare attivamente gli adattamenti degli organismi agli ambienti e ai microhabitat della spiaggia;<\/span><\/li><li><span class=\"a_GcMg font-feature-liga-on font-feature-clig-on font-feature-calt-on text-decoration-none text-strikethrough-none\">Familiarizzare con le specie pi\u00f9 importanti e comprenderne esigenze ed importanza ecologica.<\/span><\/li><\/ul>\t\t\t\t\t\t\t\t<\/div>\n\t\t\t\t\t<\/div>\n\t\t\t\t<\/div>\n\t\t<div class=\"elementor-element elementor-element-104b576 e-flex e-con-boxed e-con e-parent\" data-id=\"104b576\" data-element_type=\"container\" data-e-type=\"container\">\n\t\t\t\t\t<div class=\"e-con-inner\">\n\t\t\t\t<div class=\"elementor-element elementor-element-e4e499b elementor-widget elementor-widget-text-editor\" data-id=\"e4e499b\" data-element_type=\"widget\" data-e-type=\"widget\" data-widget_type=\"text-editor.default\">\n\t\t\t\t\t\t\t\t\t<div><h4>Dettagli:<\/h4><p class=\"cvGsUA direction-ltr align-start para-style-body\"><span class=\"a_GcMg font-feature-liga-on font-feature-clig-on font-feature-calt-on text-decoration-none text-strikethrough-none\">(8H) <\/span><span class=\"a_GcMg font-feature-liga-on font-feature-clig-on font-feature-calt-on text-decoration-none text-strikethrough-none\">Il luogo di svolgimento dell\u2019uscita didattica \u00e8 eleggibile tra quattro opzioni:<\/span><\/p><ul><li><span class=\"a_GcMg font-feature-liga-on font-feature-clig-on font-feature-calt-on text-decoration-none text-strikethrough-none\">Parco del Litorale di <\/span><span class=\"a_GcMg font-feature-liga-on font-feature-clig-on font-feature-calt-on text-strikethrough-none text-decoration-underline\">Marina di Bibbona<\/span><span class=\"a_GcMg font-feature-liga-on font-feature-clig-on font-feature-calt-on text-strikethrough-none text-decoration-none\"> (LI)<\/span><\/li><li><span class=\"a_GcMg font-feature-liga-on font-feature-clig-on font-feature-calt-on text-decoration-none text-strikethrough-none\">Spiaggia del <\/span><span class=\"a_GcMg font-feature-liga-on font-feature-clig-on font-feature-calt-on text-strikethrough-none text-decoration-underline\">Calambrone<\/span><span class=\"a_GcMg font-feature-liga-on font-feature-clig-on font-feature-calt-on text-strikethrough-none text-decoration-none\"> (PI)<\/span><\/li><li><span class=\"a_GcMg font-feature-liga-on font-feature-clig-on font-feature-calt-on text-decoration-none text-strikethrough-none\">Spiaggia di <\/span><span class=\"a_GcMg font-feature-liga-on font-feature-clig-on font-feature-calt-on text-strikethrough-none text-decoration-underline\">Marina di Pisa<\/span><span class=\"a_GcMg font-feature-liga-on font-feature-clig-on font-feature-calt-on text-strikethrough-none text-decoration-none\"> (PI)<\/span><\/li><li><span class=\"a_GcMg font-feature-liga-on font-feature-clig-on font-feature-calt-on text-decoration-none text-strikethrough-none\">Spiaggia di <\/span><span class=\"a_GcMg font-feature-liga-on font-feature-clig-on font-feature-calt-on text-strikethrough-none text-decoration-underline\">Marina di Vecchiano<\/span><span class=\"a_GcMg font-feature-liga-on font-feature-clig-on font-feature-calt-on text-strikethrough-none text-decoration-none\"> (PI)<\/span><\/li><\/ul><p class=\"cvGsUA direction-ltr align-start para-style-body\"><span class=\"a_GcMg font-feature-liga-on font-feature-clig-on font-feature-calt-on text-decoration-none text-strikethrough-none\">L\u2019uscita* pu\u00f2 essere effettuata in qualsiasi periodo dell\u2019anno. Al momento della prenotazione verr\u00e0 inviato un documento con le informazioni dettagliate su dettagli del percorso, luoghi, logistica, opzioni per raggiungere il luogo di incontro, abbigliamento, cosa portare, e un breve riassunto dei contenuti per favorire un eventuale lavoro indipendente in classe. Prevede pause merenda e pranzo (al sacco).<\/span><\/p><\/div><div><p>*Per i dettagli riguardo alle uscite didattiche si rimanda al paragrafo &#8220;Escursioni e uscite didattiche&#8221; della pagina <a href=\"https:\/\/andreabartolifangio.it\/index.php\/proposte\/scuole\/\">SCUOLE<\/a>.<\/p><\/div>\t\t\t\t\t\t\t\t<\/div>\n\t\t\t\t\t<\/div>\n\t\t\t\t<\/div>\n\t\t<div class=\"elementor-element elementor-element-4253052 e-flex e-con-boxed e-con e-parent\" data-id=\"4253052\" data-element_type=\"container\" data-e-type=\"container\">\n\t\t\t\t\t<div class=\"e-con-inner\">\n\t\t\t\t<div class=\"elementor-element elementor-element-b921544 elementor-widget elementor-widget-text-editor\" data-id=\"b921544\" data-element_type=\"widget\" data-e-type=\"widget\" data-widget_type=\"text-editor.default\">\n\t\t\t\t\t\t\t\t\t<div><h4>Metodologie:<\/h4><\/div><div><p><span class=\"a_GcMg font-feature-liga-on font-feature-clig-on font-feature-calt-on text-decoration-none text-strikethrough-none\">Apprendimento situato; inquiry-based learning; learning by doing; role playing; teatro didattico; gamification; apprendimento esperienziale; apprendimento cooperativo; osservazione diretta. L\u2019esperienza \u00e8 perfettamente fruibile da studenti e studentesse con DSA o BES e richiede una valutazione solo per disabilit\u00e0 motorie gravi. La diversificazione dei canali comunicativi favorisce la partecipazione di studenti e studentesse con diversi stili di apprendimento o con DSA.<\/span><\/p><\/div>\t\t\t\t\t\t\t\t<\/div>\n\t\t\t\t\t<\/div>\n\t\t\t\t<\/div>\n\t\t<div class=\"elementor-element elementor-element-49b6f71 e-flex e-con-boxed e-con e-parent\" data-id=\"49b6f71\" data-element_type=\"container\" data-e-type=\"container\">\n\t\t\t\t\t<div class=\"e-con-inner\">\n\t\t\t\t<div class=\"elementor-element elementor-element-c51556c elementor-widget elementor-widget-text-editor\" data-id=\"c51556c\" data-element_type=\"widget\" data-e-type=\"widget\" data-widget_type=\"text-editor.default\">\n\t\t\t\t\t\t\t\t\t<p>Prezzo: \u20ac 320,00<\/p>\t\t\t\t\t\t\t\t<\/div>\n\t\t\t\t<div class=\"elementor-element elementor-element-6d3a3f5 elementor-widget elementor-widget-text-editor\" data-id=\"6d3a3f5\" data-element_type=\"widget\" data-e-type=\"widget\" data-widget_type=\"text-editor.default\">\n\t\t\t\t\t\t\t\t\t<div><div><div><p>Il prezzo include il servizio di guida ambientale escursionistica (ai sensi della L.R.T 86\/2016 e successive modifiche) e la copertura assicurativa RCT.<\/p><\/div><\/div><\/div>\t\t\t\t\t\t\t\t<\/div>\n\t\t\t\t\t<\/div>\n\t\t\t\t<\/div>\n\t\t<div class=\"elementor-element elementor-element-eb07c23 e-flex e-con-boxed e-con e-parent\" data-id=\"eb07c23\" data-element_type=\"container\" data-e-type=\"container\">\n\t\t\t\t\t<div class=\"e-con-inner\">\n\t\t\t\t<div class=\"elementor-element elementor-element-f4d6040 elementor-align-center elementor-widget elementor-widget-button\" data-id=\"f4d6040\" data-element_type=\"widget\" data-e-type=\"widget\" data-widget_type=\"button.default\">\n\t\t\t\t\t\t\t\t\t\t<a class=\"elementor-button elementor-button-link elementor-size-sm\" href=\"https:\/\/andreabartolifangio.it\/wp-content\/uploads\/2025\/08\/Proposte-didattiche-Andrea-B.-Fangio-2025-26_compressed.pdf\">\n\t\t\t\t\t\t<span class=\"elementor-button-content-wrapper\">\n\t\t\t\t\t\t\t\t\t<span class=\"elementor-button-text\">Scarica il catalogo in PDF<\/span>\n\t\t\t\t\t<\/span>\n\t\t\t\t\t<\/a>\n\t\t\t\t\t\t\t\t<\/div>\n\t\t\t\t\t<\/div>\n\t\t\t\t<\/div>\n\t\t<div class=\"elementor-element elementor-element-e4674e1 e-flex e-con-boxed e-con e-parent\" data-id=\"e4674e1\" data-element_type=\"container\" data-e-type=\"container\">\n\t\t\t\t\t<div class=\"e-con-inner\">\n\t\t\t\t<div class=\"elementor-element elementor-element-17fc325 elementor-align-center elementor-widget elementor-widget-button\" data-id=\"17fc325\" data-element_type=\"widget\" data-e-type=\"widget\" data-widget_type=\"button.default\">\n\t\t\t\t\t\t\t\t\t\t<a class=\"elementor-button elementor-button-link elementor-size-sm\" href=\"http:\/\/bit.ly\/prenotazioneattivita\">\n\t\t\t\t\t\t<span class=\"elementor-button-content-wrapper\">\n\t\t\t\t\t\t\t\t\t<span class=\"elementor-button-text\">PRENOTA ORA!<\/span>\n\t\t\t\t\t<\/span>\n\t\t\t\t\t<\/a>\n\t\t\t\t\t\t\t\t<\/div>\n\t\t\t\t\t<\/div>\n\t\t\t\t<\/div>\n\t\t\t\t<\/div>\n\t\t","protected":false},"excerpt":{"rendered":"<p>Classi 1\u00b0-5\u00b0 Una passeggiata-laboratorio lungo la spiaggia per imparare a conoscere e comprendere gli ecosistemi [&hellip;]<\/p>\n","protected":false},"author":1,"featured_media":0,"parent":52,"menu_order":0,"comment_status":"closed","ping_status":"closed","template":"","meta":{"_eb_attr":"","footnotes":""},"class_list":["post-476","page","type-page","status-publish","hentry"],"_links":{"self":[{"href":"https:\/\/andreabartolifangio.it\/index.php\/wp-json\/wp\/v2\/pages\/476","targetHints":{"allow":["GET"]}}],"collection":[{"href":"https:\/\/andreabartolifangio.it\/index.php\/wp-json\/wp\/v2\/pages"}],"about":[{"href":"https:\/\/andreabartolifangio.it\/index.php\/wp-json\/wp\/v2\/types\/page"}],"author":[{"embeddable":true,"href":"https:\/\/andreabartolifangio.it\/index.php\/wp-json\/wp\/v2\/users\/1"}],"replies":[{"embeddable":true,"href":"https:\/\/andreabartolifangio.it\/index.php\/wp-json\/wp\/v2\/comments?post=476"}],"version-history":[{"count":10,"href":"https:\/\/andreabartolifangio.it\/index.php\/wp-json\/wp\/v2\/pages\/476\/revisions"}],"predecessor-version":[{"id":700,"href":"https:\/\/andreabartolifangio.it\/index.php\/wp-json\/wp\/v2\/pages\/476\/revisions\/700"}],"up":[{"embeddable":true,"href":"https:\/\/andreabartolifangio.it\/index.php\/wp-json\/wp\/v2\/pages\/52"}],"wp:attachment":[{"href":"https:\/\/andreabartolifangio.it\/index.php\/wp-json\/wp\/v2\/media?parent=476"}],"curies":[{"name":"wp","href":"https:\/\/api.w.org\/{rel}","templated":true}]}}