{"id":438,"date":"2025-08-25T14:58:35","date_gmt":"2025-08-25T14:58:35","guid":{"rendered":"https:\/\/andreabartolifangio.it\/?page_id=438"},"modified":"2025-08-29T10:43:42","modified_gmt":"2025-08-29T10:43:42","slug":"11-dipuntoinverde","status":"publish","type":"page","link":"https:\/\/andreabartolifangio.it\/index.php\/proposte\/scuole\/primogrado\/11-dipuntoinverde\/","title":{"rendered":"11 &#8211; Di punto in verde"},"content":{"rendered":"\t\t<div data-elementor-type=\"wp-page\" data-elementor-id=\"438\" class=\"elementor elementor-438\">\n\t\t\t\t<div class=\"elementor-element elementor-element-20a8e78 e-flex e-con-boxed e-con e-parent\" data-id=\"20a8e78\" data-element_type=\"container\" data-e-type=\"container\">\n\t\t\t\t\t<div class=\"e-con-inner\">\n\t\t\t\t<div class=\"elementor-element elementor-element-525b412 elementor-widget elementor-widget-text-editor\" data-id=\"525b412\" data-element_type=\"widget\" data-e-type=\"widget\" data-widget_type=\"text-editor.default\">\n\t\t\t\t\t\t\t\t\t<p>Classi 1\u00b0-3\u00b0<\/p>\t\t\t\t\t\t\t\t<\/div>\n\t\t\t\t<div class=\"elementor-element elementor-element-3ba27d4 elementor-widget elementor-widget-text-editor\" data-id=\"3ba27d4\" data-element_type=\"widget\" data-e-type=\"widget\" data-widget_type=\"text-editor.default\">\n\t\t\t\t\t\t\t\t\t<p><span class=\"a_GcMg font-feature-liga-on font-feature-clig-on font-feature-calt-on text-decoration-none text-strikethrough-none\">La fragola non \u00e8 un frutto, la margherita non \u00e8 un fiore, la palma non \u00e8 un albero e molto di quello che pensi di sapere sulle piante \u00e8 sbagliato: ripartiamo da zero e andiamo a conoscere come si deve lo stranissimo regno vegetale.<\/span><\/p>\t\t\t\t\t\t\t\t<\/div>\n\t\t\t\t<div class=\"elementor-element elementor-element-a105d93 elementor-widget elementor-widget-text-editor\" data-id=\"a105d93\" data-element_type=\"widget\" data-e-type=\"widget\" data-widget_type=\"text-editor.default\">\n\t\t\t\t\t\t\t\t\t<p>#scienze<\/p>\t\t\t\t\t\t\t\t<\/div>\n\t\t\t\t\t<\/div>\n\t\t\t\t<\/div>\n\t\t<div class=\"elementor-element elementor-element-ca03a1b e-flex e-con-boxed e-con e-parent\" data-id=\"ca03a1b\" data-element_type=\"container\" data-e-type=\"container\">\n\t\t\t\t\t<div class=\"e-con-inner\">\n\t\t\t\t<div class=\"elementor-element elementor-element-0e6ad9d elementor-widget elementor-widget-text-editor\" data-id=\"0e6ad9d\" data-element_type=\"widget\" data-e-type=\"widget\" data-widget_type=\"text-editor.default\">\n\t\t\t\t\t\t\t\t\t<div><h4>Obiettivi didattici:<\/h4><\/div><ul><li><span class=\"a_GcMg font-feature-liga-on font-feature-clig-on font-feature-calt-on text-decoration-none text-strikethrough-none\">Orientarsi nella classificazione del regno vegetale;<\/span><\/li><li><span class=\"a_GcMg font-feature-liga-on font-feature-clig-on font-feature-calt-on text-decoration-none text-strikethrough-none\">Apprendere l\u2019anatomia di base, gli adattamenti e la funzione degli organi principali;<\/span><\/li><li><span class=\"a_GcMg font-feature-liga-on font-feature-clig-on font-feature-calt-on text-decoration-none text-strikethrough-none\">Capire i fenomeni chiave (impollinazione, fotosintesi, respirazione);<\/span><\/li><li><span class=\"a_GcMg font-feature-liga-on font-feature-clig-on font-feature-calt-on text-decoration-none text-strikethrough-none\">Familiarizzare con termini e concetti importanti e utili nella vita quotidiana.<\/span><\/li><\/ul>\t\t\t\t\t\t\t\t<\/div>\n\t\t\t\t\t<\/div>\n\t\t\t\t<\/div>\n\t\t<div class=\"elementor-element elementor-element-104b576 e-flex e-con-boxed e-con e-parent\" data-id=\"104b576\" data-element_type=\"container\" data-e-type=\"container\">\n\t\t\t\t\t<div class=\"e-con-inner\">\n\t\t\t\t<div class=\"elementor-element elementor-element-e4e499b elementor-widget elementor-widget-text-editor\" data-id=\"e4e499b\" data-element_type=\"widget\" data-e-type=\"widget\" data-widget_type=\"text-editor.default\">\n\t\t\t\t\t\t\t\t\t<div><h4>Dettagli:<\/h4><p class=\"cvGsUA direction-ltr align-start para-style-body\"><span class=\"a_GcMg font-feature-liga-on font-feature-clig-on font-feature-calt-on text-decoration-underline text-strikethrough-none\"><span style=\"text-decoration: underline;\">Primo incontro<\/span>: (2H) In classe:<\/span><span class=\"a_GcMg font-feature-liga-on font-feature-clig-on font-feature-calt-on text-strikethrough-none text-decoration-none\">\u00a0lezione frontale interattiva. Non richiede conoscenze pregresse ed \u00e8 necessaria e sufficiente per svolgere la parte pratica.<\/span><\/p><p class=\"cvGsUA direction-ltr align-start para-style-body\"><span class=\"a_GcMg font-feature-liga-on font-feature-clig-on font-feature-calt-on text-decoration-underline text-strikethrough-none\"><span style=\"text-decoration: underline;\">Secondo incontro<\/span>:<\/span><span class=\"a_GcMg font-feature-liga-on font-feature-clig-on font-feature-calt-on text-strikethrough-none text-decoration-none\"> (2-5H) uscita personalizzabile, in ambiente naturale o in giardini urbani per attivit\u00e0 sul campo: luoghi, durata e focus didattico possono variare ed essere accordati in base all\u2019interesse specifico del\\della docente e alle esigenze logistiche.<\/span><\/p><\/div><div><p>Per i dettagli riguardo alle uscite didattiche si rimanda al paragrafo &#8220;Escursioni e uscite didattiche&#8221; della pagina <a href=\"https:\/\/andreabartolifangio.it\/index.php\/proposte\/scuole\/\">SCUOLE<\/a>.<\/p><\/div>\t\t\t\t\t\t\t\t<\/div>\n\t\t\t\t\t<\/div>\n\t\t\t\t<\/div>\n\t\t<div class=\"elementor-element elementor-element-4253052 e-flex e-con-boxed e-con e-parent\" data-id=\"4253052\" data-element_type=\"container\" data-e-type=\"container\">\n\t\t\t\t\t<div class=\"e-con-inner\">\n\t\t\t\t<div class=\"elementor-element elementor-element-b921544 elementor-widget elementor-widget-text-editor\" data-id=\"b921544\" data-element_type=\"widget\" data-e-type=\"widget\" data-widget_type=\"text-editor.default\">\n\t\t\t\t\t\t\t\t\t<div><h4>Metodologie:<\/h4><\/div><div><p><span class=\"a_GcMg font-feature-liga-on font-feature-clig-on font-feature-calt-on text-decoration-none text-strikethrough-none\">Lezione frontale con materiale e slides; apprendimento situato; gamification; apprendimento cooperativo; mappe concettuali; didattica esperenziale. La diversificazione dei canali comunicativi favoriscono la partecipazione di studenti e studentesse con diversi stili di apprendimento o con DSA.<\/span><\/p><\/div>\t\t\t\t\t\t\t\t<\/div>\n\t\t\t\t\t<\/div>\n\t\t\t\t<\/div>\n\t\t<div class=\"elementor-element elementor-element-49b6f71 e-flex e-con-boxed e-con e-parent\" data-id=\"49b6f71\" data-element_type=\"container\" data-e-type=\"container\">\n\t\t\t\t\t<div class=\"e-con-inner\">\n\t\t\t\t<div class=\"elementor-element elementor-element-c51556c elementor-widget elementor-widget-text-editor\" data-id=\"c51556c\" data-element_type=\"widget\" data-e-type=\"widget\" data-widget_type=\"text-editor.default\">\n\t\t\t\t\t\t\t\t\t<p>Prezzo: \u20ac 200,00 &#8211; 250,00<\/p>\t\t\t\t\t\t\t\t<\/div>\n\t\t\t\t<div class=\"elementor-element elementor-element-48b3466 elementor-widget elementor-widget-text-editor\" data-id=\"48b3466\" data-element_type=\"widget\" data-e-type=\"widget\" data-widget_type=\"text-editor.default\">\n\t\t\t\t\t\t\t\t\t<p><strong>(variabile <span class=\"a_GcMg font-feature-liga-on font-feature-clig-on font-feature-calt-on text-decoration-none text-strikethrough-none\">in base alla durata scelta per l\u2019uscita didattica)<\/span><\/strong><\/p>\t\t\t\t\t\t\t\t<\/div>\n\t\t\t\t<div class=\"elementor-element elementor-element-de668c7 elementor-widget elementor-widget-text-editor\" data-id=\"de668c7\" data-element_type=\"widget\" data-e-type=\"widget\" data-widget_type=\"text-editor.default\">\n\t\t\t\t\t\t\t\t\t<div><div><div><p>Il prezzo include il servizio di guida ambientale escursionistica (ai sensi della L.R.T 86\/2016 e successive modifiche) e la copertura assicurativa RCT.<\/p><\/div><\/div><\/div>\t\t\t\t\t\t\t\t<\/div>\n\t\t\t\t\t<\/div>\n\t\t\t\t<\/div>\n\t\t<div class=\"elementor-element elementor-element-eb07c23 e-flex e-con-boxed e-con e-parent\" data-id=\"eb07c23\" data-element_type=\"container\" data-e-type=\"container\">\n\t\t\t\t\t<div class=\"e-con-inner\">\n\t\t\t\t<div class=\"elementor-element elementor-element-f4d6040 elementor-align-center elementor-widget elementor-widget-button\" data-id=\"f4d6040\" data-element_type=\"widget\" data-e-type=\"widget\" data-widget_type=\"button.default\">\n\t\t\t\t\t\t\t\t\t\t<a class=\"elementor-button elementor-button-link elementor-size-sm\" href=\"https:\/\/andreabartolifangio.it\/wp-content\/uploads\/2025\/08\/Proposte-didattiche-Andrea-B.-Fangio-2025-26_compressed.pdf\">\n\t\t\t\t\t\t<span class=\"elementor-button-content-wrapper\">\n\t\t\t\t\t\t\t\t\t<span class=\"elementor-button-text\">Scarica il catalogo in PDF<\/span>\n\t\t\t\t\t<\/span>\n\t\t\t\t\t<\/a>\n\t\t\t\t\t\t\t\t<\/div>\n\t\t\t\t\t<\/div>\n\t\t\t\t<\/div>\n\t\t<div class=\"elementor-element elementor-element-e4674e1 e-flex e-con-boxed e-con e-parent\" data-id=\"e4674e1\" data-element_type=\"container\" data-e-type=\"container\">\n\t\t\t\t\t<div class=\"e-con-inner\">\n\t\t\t\t<div class=\"elementor-element elementor-element-17fc325 elementor-align-center elementor-widget elementor-widget-button\" data-id=\"17fc325\" data-element_type=\"widget\" data-e-type=\"widget\" data-widget_type=\"button.default\">\n\t\t\t\t\t\t\t\t\t\t<a class=\"elementor-button elementor-button-link elementor-size-sm\" href=\"http:\/\/bit.ly\/prenotazioneattivita\">\n\t\t\t\t\t\t<span class=\"elementor-button-content-wrapper\">\n\t\t\t\t\t\t\t\t\t<span class=\"elementor-button-text\">PRENOTA ORA!<\/span>\n\t\t\t\t\t<\/span>\n\t\t\t\t\t<\/a>\n\t\t\t\t\t\t\t\t<\/div>\n\t\t\t\t\t<\/div>\n\t\t\t\t<\/div>\n\t\t\t\t<\/div>\n\t\t","protected":false},"excerpt":{"rendered":"<p>Classi 1\u00b0-3\u00b0 La fragola non \u00e8 un frutto, la margherita non \u00e8 un fiore, la [&hellip;]<\/p>\n","protected":false},"author":1,"featured_media":0,"parent":50,"menu_order":0,"comment_status":"closed","ping_status":"closed","template":"","meta":{"_eb_attr":"","footnotes":""},"class_list":["post-438","page","type-page","status-publish","hentry"],"_links":{"self":[{"href":"https:\/\/andreabartolifangio.it\/index.php\/wp-json\/wp\/v2\/pages\/438","targetHints":{"allow":["GET"]}}],"collection":[{"href":"https:\/\/andreabartolifangio.it\/index.php\/wp-json\/wp\/v2\/pages"}],"about":[{"href":"https:\/\/andreabartolifangio.it\/index.php\/wp-json\/wp\/v2\/types\/page"}],"author":[{"embeddable":true,"href":"https:\/\/andreabartolifangio.it\/index.php\/wp-json\/wp\/v2\/users\/1"}],"replies":[{"embeddable":true,"href":"https:\/\/andreabartolifangio.it\/index.php\/wp-json\/wp\/v2\/comments?post=438"}],"version-history":[{"count":10,"href":"https:\/\/andreabartolifangio.it\/index.php\/wp-json\/wp\/v2\/pages\/438\/revisions"}],"predecessor-version":[{"id":691,"href":"https:\/\/andreabartolifangio.it\/index.php\/wp-json\/wp\/v2\/pages\/438\/revisions\/691"}],"up":[{"embeddable":true,"href":"https:\/\/andreabartolifangio.it\/index.php\/wp-json\/wp\/v2\/pages\/50"}],"wp:attachment":[{"href":"https:\/\/andreabartolifangio.it\/index.php\/wp-json\/wp\/v2\/media?parent=438"}],"curies":[{"name":"wp","href":"https:\/\/api.w.org\/{rel}","templated":true}]}}