{"id":430,"date":"2025-08-25T14:55:33","date_gmt":"2025-08-25T14:55:33","guid":{"rendered":"https:\/\/andreabartolifangio.it\/?page_id=430"},"modified":"2025-08-29T10:34:22","modified_gmt":"2025-08-29T10:34:22","slug":"08-entomondo","status":"publish","type":"page","link":"https:\/\/andreabartolifangio.it\/index.php\/proposte\/scuole\/primogrado\/08-entomondo\/","title":{"rendered":"08 &#8211; Entomondo"},"content":{"rendered":"\t\t<div data-elementor-type=\"wp-page\" data-elementor-id=\"430\" class=\"elementor elementor-430\">\n\t\t\t\t<div class=\"elementor-element elementor-element-abf771e e-flex e-con-boxed e-con e-parent\" data-id=\"abf771e\" data-element_type=\"container\" data-e-type=\"container\">\n\t\t\t\t\t<div class=\"e-con-inner\">\n\t\t\t\t<div class=\"elementor-element elementor-element-793fe97 elementor-widget elementor-widget-text-editor\" data-id=\"793fe97\" data-element_type=\"widget\" data-e-type=\"widget\" data-widget_type=\"text-editor.default\">\n\t\t\t\t\t\t\t\t\t<p>Classi 1\u00b0-3\u00b0<\/p>\t\t\t\t\t\t\t\t<\/div>\n\t\t\t\t\t<\/div>\n\t\t\t\t<\/div>\n\t\t<div class=\"elementor-element elementor-element-c64481a e-flex e-con-boxed e-con e-parent\" data-id=\"c64481a\" data-element_type=\"container\" data-e-type=\"container\">\n\t\t\t\t\t<div class=\"e-con-inner\">\n\t\t\t\t<div class=\"elementor-element elementor-element-4e9ea1f elementor-widget elementor-widget-text-editor\" data-id=\"4e9ea1f\" data-element_type=\"widget\" data-e-type=\"widget\" data-widget_type=\"text-editor.default\">\n\t\t\t\t\t\t\t\t\t<div><div><p><span class=\"a_GcMg font-feature-liga-on font-feature-clig-on font-feature-calt-on text-decoration-none text-strikethrough-none\">Ci circondano e vivono con noi, interferiscono con tutti gli aspetti della nostra esistenza, sono i padroni incontrastati di questo pianeta da 500 milioni di anni e permettono che esista la vita cos\u00ec come la conosciamo, eppure molto spesso li ignoriamo completamente: sono gli insetti e, pi\u00f9 in generale, gli artropodi.<\/span><\/p><p class=\"cvGsUA direction-ltr align-center para-style-body\"><span class=\"a_GcMg font-feature-liga-on font-feature-clig-on font-feature-calt-on text-decoration-none text-strikethrough-none\">Impariamo a conoscerli senza paure e pregiudizi, incontriamoli da vicino e lasciamo che stupore e meraviglia ci facciano innamorare di loro!<\/span><\/p><\/div><\/div>\t\t\t\t\t\t\t\t<\/div>\n\t\t\t\t\t<\/div>\n\t\t\t\t<\/div>\n\t\t<div class=\"elementor-element elementor-element-97bc9e2 e-flex e-con-boxed e-con e-parent\" data-id=\"97bc9e2\" data-element_type=\"container\" data-e-type=\"container\">\n\t\t\t\t\t<div class=\"e-con-inner\">\n\t\t\t\t<div class=\"elementor-element elementor-element-c933542 elementor-widget elementor-widget-text-editor\" data-id=\"c933542\" data-element_type=\"widget\" data-e-type=\"widget\" data-widget_type=\"text-editor.default\">\n\t\t\t\t\t\t\t\t\t<p>#scienze<\/p>\t\t\t\t\t\t\t\t<\/div>\n\t\t\t\t<div class=\"elementor-element elementor-element-b20fe37 elementor-widget elementor-widget-text-editor\" data-id=\"b20fe37\" data-element_type=\"widget\" data-e-type=\"widget\" data-widget_type=\"text-editor.default\">\n\t\t\t\t\t\t\t\t\t<div><h4>Dettagli:<\/h4><\/div><div><div><div><p>Si tratta di un modulo componibile, formato da una o pi\u00f9 attivit\u00e0:<\/p><\/div><div><p><strong>CREA IL TUO PACCHETTO!<\/strong><\/p><p>\u00a0<\/p><\/div><\/div><\/div>\t\t\t\t\t\t\t\t<\/div>\n\t\t\t\t\t<\/div>\n\t\t\t\t<\/div>\n\t\t<div class=\"elementor-element elementor-element-a071513 e-flex e-con-boxed e-con e-parent\" data-id=\"a071513\" data-element_type=\"container\" data-e-type=\"container\">\n\t\t\t\t\t<div class=\"e-con-inner\">\n\t\t\t\t<div class=\"elementor-element elementor-element-1bf4af0 elementor-widget elementor-widget-text-editor\" data-id=\"1bf4af0\" data-element_type=\"widget\" data-e-type=\"widget\" data-widget_type=\"text-editor.default\">\n\t\t\t\t\t\t\t\t\t<h5>8.1 &#8211; A scuola di insetti<\/h5><div><div><div><p>(2H) In classe. Per avere una fondamentale mappa concettuale di entomologia di base e rispondere a tutte le principali curiosit\u00e0.<\/p><div><div><p><span style=\"text-decoration: underline;\">Cosa impareremo<\/span>:<\/p><\/div><ul><li>diversit\u00e0 e sistematica degli artropodi;<\/li><li>anatomia generale degli insetti, cicli e stadi vitali;<\/li><li>principali ordini di insetti;<\/li><li>conservazione, importanza ecologica ed economica.<\/li><\/ul><\/div><\/div><h5>\u00a0<\/h5><h5>8.2 &#8211; Incontri ravvicinati<\/h5><div><div><p>(2H) In un&#8217;aula della scuola, possibilmente diversa da quella della classe, che io possa allestire nell&#8217;ora precedente all&#8217;arrivo della classe.<\/p><div><div><p>Una lezione pi\u00f9 avanzata in cui incontreremo in modo guidato e sicuro <strong>animali vivi<\/strong> di specie ben selezionate, per osservarli da vicino e imparare il comportamento giusto da tenere con loro.<\/p><\/div><\/div><\/div><div><p><span style=\"text-decoration: underline;\">Cosa impareremo<\/span>: l\u2019osservazione diretta ci permetter\u00e0 di notare dettagli, comportamenti e caratteristiche, fissare i contenuti e motivare l\u2019apprendimento. Cercheremo di abbattere blocchi culturali, emotivi e psicologici e ci educheremo ad un approccio attento e rispettoso verso gli organismi animali.<\/p><\/div><div><h5>\u00a0<\/h5><h5>8.3 &#8211; Bioblitz<\/h5><div><div><p>(2-4h) Uscita in <strong>ambiente naturale<\/strong> con attivit\u00e0 didattiche per osservare comportamenti, habitat, biodiversit\u00e0 locale e interazioni. Il luogo, la durata e i dettagli del percorso verranno accordati in base alle esigenze della classe e alle possibilit\u00e0 logistiche*. L&#8217;attivit\u00e0 si pu\u00f2 svolgere con l&#8217;arrivo della primavera (aprile-maggio, a seconda della stagione anche marzo).<\/p><\/div><div><p><span style=\"text-decoration: underline;\">Cosa impareremo<\/span>: noteremo come varia la biodiversit\u00e0 entomologica tra i diversi microhabitat, prendendo consapevolezza degli adattamenti e delle relazioni tra le specie; <span class=\"a_GcMg font-feature-liga-on font-feature-clig-on font-feature-calt-on text-decoration-none text-strikethrough-none\">impareremo ad attribuire le specie al rispettivo ordine tassonomico<\/span>.<\/p><\/div><\/div><\/div><\/div><\/div><p>*Per i dettagli riguardo alle uscite didattiche si rimanda al paragrafo &#8220;Escursioni e uscite didattiche&#8221; della pagina <a href=\"https:\/\/andreabartolifangio.it\/index.php\/proposte\/scuole\/\">SCUOLE<\/a>.<\/p><\/div><h5>\u00a0<\/h5><h5>8.4 &#8211; Museopark<\/h5><div><div><p>(1H) In classe. Una mostra didattica sfider\u00e0 le nostre conoscenze attraverso giochi a squadre. (Focus sulla sistematica)<\/p><\/div><div><p><span style=\"text-decoration: underline;\">Cosa impareremo<\/span>: alla fine del gioco avremo gli strumenti per intuire la giusta categoria tassonomica a cui appartiene una specie animale, utilizzando il ragionamento e l\u2019osservazione. Familiarizzeremo inoltre con le specie di invertebrati che incontriamo pi\u00f9 frequentemente nella nostra vita quotidiana.<\/p><\/div><\/div>\t\t\t\t\t\t\t\t<\/div>\n\t\t\t\t\t<\/div>\n\t\t\t\t<\/div>\n\t\t<div class=\"elementor-element elementor-element-4931064 e-flex e-con-boxed e-con e-parent\" data-id=\"4931064\" data-element_type=\"container\" data-e-type=\"container\">\n\t\t\t\t\t<div class=\"e-con-inner\">\n\t\t\t\t<div class=\"elementor-element elementor-element-5d7e6b0 elementor-widget elementor-widget-text-editor\" data-id=\"5d7e6b0\" data-element_type=\"widget\" data-e-type=\"widget\" data-widget_type=\"text-editor.default\">\n\t\t\t\t\t\t\t\t\t<p class=\"cvGsUA direction-ltr align-center para-style-body\"><strong><span class=\"a_GcMg font-feature-liga-on font-feature-clig-on font-feature-calt-on text-decoration-none text-strikethrough-none\">Prezzi<\/span><\/strong><\/p>\t\t\t\t\t\t\t\t<\/div>\n\t\t\t\t\t<\/div>\n\t\t\t\t<\/div>\n\t\t<div class=\"elementor-element elementor-element-e78fcf8 e-flex e-con-boxed e-con e-parent\" data-id=\"e78fcf8\" data-element_type=\"container\" data-e-type=\"container\">\n\t\t\t\t\t<div class=\"e-con-inner\">\n\t\t\t\t<div class=\"elementor-element elementor-element-bf6098d elementor-widget elementor-widget-text-editor\" data-id=\"bf6098d\" data-element_type=\"widget\" data-e-type=\"widget\" data-widget_type=\"text-editor.default\">\n\t\t\t\t\t\t\t\t\t<p><strong>&#8220;8.1 &#8211; A scuola di insetti&#8221;: \u20ac 80,00<\/strong><\/p><p><strong>&#8220;8.2 &#8211; Incontri ravvicinati&#8221;: \u20ac 160,00<\/strong><\/p><p><strong>&#8220;8.3 &#8211; Bioblitz&#8221;: \u20ac 200,00<\/strong><\/p><p><strong>&#8220;8.4 &#8211; Museopark&#8221;: \u20ac 100,00<\/strong><\/p>\t\t\t\t\t\t\t\t<\/div>\n\t\t\t\t<div class=\"elementor-element elementor-element-cda7e8a elementor-widget elementor-widget-text-editor\" data-id=\"cda7e8a\" data-element_type=\"widget\" data-e-type=\"widget\" data-widget_type=\"text-editor.default\">\n\t\t\t\t\t\t\t\t\t<p><span class=\"a_GcMg font-feature-liga-on font-feature-clig-on font-feature-calt-on text-decoration-none text-strikethrough-none\">In caso si scelgano pi\u00f9 attivit\u00e0 \u00e8 possibile ottenere una <strong>riduzione<\/strong> sul prezzo cumulativo. Altre riduzioni possono esserci qualora si svolgano due o pi\u00f9 attivit\u00e0 in modo consecutivo (per la stessa classe o per classi diverse della stessa scuola). Riceverete un preventivo personalizzato <\/span><span class=\"a_GcMg font-feature-liga-on font-feature-clig-on font-feature-calt-on text-decoration-none text-strikethrough-none\">sulla base della <\/span><span class=\"a_GcMg font-feature-liga-on font-feature-clig-on font-feature-calt-on text-decoration-none text-strikethrough-none\">combinazione richiesta.<\/span><\/p>\t\t\t\t\t\t\t\t<\/div>\n\t\t\t\t\t<\/div>\n\t\t\t\t<\/div>\n\t\t<div class=\"elementor-element elementor-element-62f834b e-flex e-con-boxed e-con e-parent\" data-id=\"62f834b\" data-element_type=\"container\" data-e-type=\"container\">\n\t\t\t\t\t<div class=\"e-con-inner\">\n\t\t\t\t<div class=\"elementor-element elementor-element-0995d97 elementor-align-center elementor-widget elementor-widget-button\" data-id=\"0995d97\" data-element_type=\"widget\" data-e-type=\"widget\" data-widget_type=\"button.default\">\n\t\t\t\t\t\t\t\t\t\t<a class=\"elementor-button elementor-button-link elementor-size-sm\" href=\"https:\/\/andreabartolifangio.it\/wp-content\/uploads\/2025\/08\/Proposte-didattiche-Andrea-B.-Fangio-2025-26_compressed.pdf\">\n\t\t\t\t\t\t<span class=\"elementor-button-content-wrapper\">\n\t\t\t\t\t\t\t\t\t<span class=\"elementor-button-text\">Scarica il catalogo in PDF<\/span>\n\t\t\t\t\t<\/span>\n\t\t\t\t\t<\/a>\n\t\t\t\t\t\t\t\t<\/div>\n\t\t\t\t\t<\/div>\n\t\t\t\t<\/div>\n\t\t<div class=\"elementor-element elementor-element-6b1bcea e-flex e-con-boxed e-con e-parent\" data-id=\"6b1bcea\" data-element_type=\"container\" data-e-type=\"container\">\n\t\t\t\t\t<div class=\"e-con-inner\">\n\t\t\t\t<div class=\"elementor-element elementor-element-8dfa61f elementor-align-center elementor-widget elementor-widget-button\" data-id=\"8dfa61f\" data-element_type=\"widget\" data-e-type=\"widget\" data-widget_type=\"button.default\">\n\t\t\t\t\t\t\t\t\t\t<a class=\"elementor-button elementor-button-link elementor-size-sm\" href=\"http:\/\/bit.ly\/prenotazioneattivita\">\n\t\t\t\t\t\t<span class=\"elementor-button-content-wrapper\">\n\t\t\t\t\t\t\t\t\t<span class=\"elementor-button-text\">PRENOTA ORA!<\/span>\n\t\t\t\t\t<\/span>\n\t\t\t\t\t<\/a>\n\t\t\t\t\t\t\t\t<\/div>\n\t\t\t\t\t<\/div>\n\t\t\t\t<\/div>\n\t\t\t\t<\/div>\n\t\t","protected":false},"excerpt":{"rendered":"<p>Classi 1\u00b0-3\u00b0 Ci circondano e vivono con noi, interferiscono con tutti gli aspetti della nostra [&hellip;]<\/p>\n","protected":false},"author":1,"featured_media":0,"parent":50,"menu_order":0,"comment_status":"closed","ping_status":"closed","template":"","meta":{"_eb_attr":"","footnotes":""},"class_list":["post-430","page","type-page","status-publish","hentry"],"_links":{"self":[{"href":"https:\/\/andreabartolifangio.it\/index.php\/wp-json\/wp\/v2\/pages\/430","targetHints":{"allow":["GET"]}}],"collection":[{"href":"https:\/\/andreabartolifangio.it\/index.php\/wp-json\/wp\/v2\/pages"}],"about":[{"href":"https:\/\/andreabartolifangio.it\/index.php\/wp-json\/wp\/v2\/types\/page"}],"author":[{"embeddable":true,"href":"https:\/\/andreabartolifangio.it\/index.php\/wp-json\/wp\/v2\/users\/1"}],"replies":[{"embeddable":true,"href":"https:\/\/andreabartolifangio.it\/index.php\/wp-json\/wp\/v2\/comments?post=430"}],"version-history":[{"count":16,"href":"https:\/\/andreabartolifangio.it\/index.php\/wp-json\/wp\/v2\/pages\/430\/revisions"}],"predecessor-version":[{"id":682,"href":"https:\/\/andreabartolifangio.it\/index.php\/wp-json\/wp\/v2\/pages\/430\/revisions\/682"}],"up":[{"embeddable":true,"href":"https:\/\/andreabartolifangio.it\/index.php\/wp-json\/wp\/v2\/pages\/50"}],"wp:attachment":[{"href":"https:\/\/andreabartolifangio.it\/index.php\/wp-json\/wp\/v2\/media?parent=430"}],"curies":[{"name":"wp","href":"https:\/\/api.w.org\/{rel}","templated":true}]}}