{"id":31,"date":"2025-08-19T14:49:45","date_gmt":"2025-08-19T14:49:45","guid":{"rendered":"https:\/\/andreabartolifangio.it\/?page_id=31"},"modified":"2025-08-29T10:17:25","modified_gmt":"2025-08-29T10:17:25","slug":"scuole","status":"publish","type":"page","link":"https:\/\/andreabartolifangio.it\/index.php\/proposte\/scuole\/","title":{"rendered":"Scuole"},"content":{"rendered":"\t\t<div data-elementor-type=\"wp-page\" data-elementor-id=\"31\" class=\"elementor elementor-31\">\n\t\t\t\t<div class=\"elementor-element elementor-element-13bdb98 e-grid e-con-boxed e-con e-parent\" data-id=\"13bdb98\" data-element_type=\"container\" data-e-type=\"container\">\n\t\t\t\t\t<div class=\"e-con-inner\">\n\t\t\t\t<div class=\"elementor-element elementor-element-ffe25bf elementor-align-center elementor-widget elementor-widget-button\" data-id=\"ffe25bf\" data-element_type=\"widget\" data-e-type=\"widget\" data-widget_type=\"button.default\">\n\t\t\t\t\t\t\t\t\t\t<a class=\"elementor-button elementor-button-link elementor-size-sm\" href=\"https:\/\/andreabartolifangio.it\/index.php\/proposte\/scuole\/primaria\/\">\n\t\t\t\t\t\t<span class=\"elementor-button-content-wrapper\">\n\t\t\t\t\t\t\t\t\t<span class=\"elementor-button-text\">SCUOLA PRIMARIA<\/span>\n\t\t\t\t\t<\/span>\n\t\t\t\t\t<\/a>\n\t\t\t\t\t\t\t\t<\/div>\n\t\t\t\t<div class=\"elementor-element elementor-element-0753b09 elementor-align-center elementor-widget elementor-widget-button\" data-id=\"0753b09\" data-element_type=\"widget\" data-e-type=\"widget\" data-widget_type=\"button.default\">\n\t\t\t\t\t\t\t\t\t\t<a class=\"elementor-button elementor-button-link elementor-size-sm\" href=\"https:\/\/andreabartolifangio.it\/index.php\/proposte\/scuole\/primogrado\/\">\n\t\t\t\t\t\t<span class=\"elementor-button-content-wrapper\">\n\t\t\t\t\t\t\t\t\t<span class=\"elementor-button-text\">SCUOLA SECONDARIA DI PRIMO GRADO<\/span>\n\t\t\t\t\t<\/span>\n\t\t\t\t\t<\/a>\n\t\t\t\t\t\t\t\t<\/div>\n\t\t\t\t<div class=\"elementor-element elementor-element-ae78ac7 elementor-widget elementor-widget-button\" data-id=\"ae78ac7\" data-element_type=\"widget\" data-e-type=\"widget\" data-widget_type=\"button.default\">\n\t\t\t\t\t\t\t\t\t\t<a class=\"elementor-button elementor-button-link elementor-size-sm\" href=\"https:\/\/andreabartolifangio.it\/index.php\/proposte\/scuole\/secondogrado\/\">\n\t\t\t\t\t\t<span class=\"elementor-button-content-wrapper\">\n\t\t\t\t\t\t\t\t\t<span class=\"elementor-button-text\">SCUOLA SECONDARIA DI SECONDO GRADO<\/span>\n\t\t\t\t\t<\/span>\n\t\t\t\t\t<\/a>\n\t\t\t\t\t\t\t\t<\/div>\n\t\t\t\t\t<\/div>\n\t\t\t\t<\/div>\n\t\t<div class=\"elementor-element elementor-element-e0b5288 e-flex e-con-boxed e-con e-parent\" data-id=\"e0b5288\" data-element_type=\"container\" data-e-type=\"container\">\n\t\t\t\t\t<div class=\"e-con-inner\">\n\t\t\t\t<div class=\"elementor-element elementor-element-8a5f10a elementor-widget elementor-widget-text-editor\" data-id=\"8a5f10a\" data-element_type=\"widget\" data-e-type=\"widget\" data-widget_type=\"text-editor.default\">\n\t\t\t\t\t\t\t\t\t<h4><span class=\"a_GcMg font-feature-liga-on font-feature-clig-on font-feature-calt-on text-decoration-none text-strikethrough-none\">La mia didattica:<\/span><\/h4><p><span class=\"a_GcMg font-feature-liga-on font-feature-clig-on font-feature-calt-on text-decoration-none text-strikethrough-none\">L\u2019apprendimento passa dall\u2019emozione e ritengo che debbano essere entusiasmo, sorpresa, eccitazione e divertimento ad accompagnare chi impara.<\/span> <span class=\"a_GcMg font-feature-liga-on font-feature-clig-on font-feature-calt-on text-decoration-none text-strikethrough-none\">Per raggiungere i miei obiettivi didattici utilizzo perci\u00f2 solo rinforzi positivi, mi impegno per favorire la motivazione intrinseca e indotta, diversifico i canali e lavoro per concepire attivit\u00e0 in cui si impara in maniera attiva, da protagonista, dove il mio ruolo diventa quello di facilitatore.<\/span><\/p>\t\t\t\t\t\t\t\t<\/div>\n\t\t\t\t\t<\/div>\n\t\t\t\t<\/div>\n\t\t<div class=\"elementor-element elementor-element-3245528 e-flex e-con-boxed e-con e-parent\" data-id=\"3245528\" data-element_type=\"container\" data-e-type=\"container\">\n\t\t\t\t\t<div class=\"e-con-inner\">\n\t\t\t\t<div class=\"elementor-element elementor-element-1296b77 elementor-widget elementor-widget-text-editor\" data-id=\"1296b77\" data-element_type=\"widget\" data-e-type=\"widget\" data-widget_type=\"text-editor.default\">\n\t\t\t\t\t\t\t\t\t<h4><span class=\"a_GcMg font-feature-liga-off font-feature-clig-off font-feature-calt-off text-decoration-none text-strikethrough-none\">Come prenotare:<\/span><\/h4><p><span class=\"a_GcMg font-feature-liga-off font-feature-clig-off font-feature-calt-off text-decoration-none text-strikethrough-none\">Clicca <a href=\"http:\/\/bit.ly\/prenotazioneattivita\">QUI<\/a> e compila il modulo.<\/span><\/p>\t\t\t\t\t\t\t\t<\/div>\n\t\t\t\t\t<\/div>\n\t\t\t\t<\/div>\n\t\t<div class=\"elementor-element elementor-element-1a4b12b e-flex e-con-boxed e-con e-parent\" data-id=\"1a4b12b\" data-element_type=\"container\" data-e-type=\"container\">\n\t\t\t\t\t<div class=\"e-con-inner\">\n\t\t\t\t<div class=\"elementor-element elementor-element-49931ca elementor-widget elementor-widget-text-editor\" data-id=\"49931ca\" data-element_type=\"widget\" data-e-type=\"widget\" data-widget_type=\"text-editor.default\">\n\t\t\t\t\t\t\t\t\t<h4><span class=\"a_GcMg font-feature-liga-on font-feature-clig-on font-feature-calt-on text-decoration-none text-strikethrough-none\">Scegliere le date:<\/span><\/h4><p><span class=\"a_GcMg font-feature-liga-on font-feature-clig-on font-feature-calt-on text-decoration-none text-strikethrough-none\">Nel modulo di prenotazione verr\u00e0 richiesto di fornire l\u2019orario e i giorni della settimana in cui \u00e8 possibile svolgere l\u2019attivit\u00e0: sulla base del calendario delle mie disponibilit\u00e0 vi fornir\u00f2 delle possibili date sulle quali accordarci. Sempre nel modulo, alla voce \u201cnote\u201d, potete inserire dettagli su preferenze, periodi o giorni da escludere e altre informazioni che ritenete rilevanti.<\/span><\/p>\t\t\t\t\t\t\t\t<\/div>\n\t\t\t\t<div class=\"elementor-element elementor-element-05e0e5b elementor-widget elementor-widget-text-editor\" data-id=\"05e0e5b\" data-element_type=\"widget\" data-e-type=\"widget\" data-widget_type=\"text-editor.default\">\n\t\t\t\t\t\t\t\t\t<h4><span class=\"a_GcMg font-feature-liga-on font-feature-clig-on font-feature-calt-on text-decoration-none text-strikethrough-none\">Prezzi:<br \/><\/span><\/h4><p><span class=\"a_GcMg font-feature-liga-on font-feature-clig-on font-feature-calt-on text-decoration-none text-strikethrough-none\">I prezzi indicati sono gi\u00e0 inclusivi di IVA e si intendono per classe (max 30 partecipanti).<\/span><\/p>\t\t\t\t\t\t\t\t<\/div>\n\t\t\t\t<div class=\"elementor-element elementor-element-857af77 elementor-widget elementor-widget-text-editor\" data-id=\"857af77\" data-element_type=\"widget\" data-e-type=\"widget\" data-widget_type=\"text-editor.default\">\n\t\t\t\t\t\t\t\t\t<h4><span class=\"a_GcMg font-feature-liga-off font-feature-clig-off font-feature-calt-off text-decoration-none text-strikethrough-none\">Modalit\u00e0 di pagamento:<\/span><\/h4><p><span class=\"a_GcMg font-feature-liga-off font-feature-clig-off font-feature-calt-off text-decoration-none text-strikethrough-none\">Il pagamento pu\u00f2 essere fatto via bonifico o PayPal entro il giorno precedente allo svolgimento dell\u2019attivit\u00e0, oppure in contanti anche il giorno stesso.<\/span><\/p>\t\t\t\t\t\t\t\t<\/div>\n\t\t\t\t\t<\/div>\n\t\t\t\t<\/div>\n\t\t<div class=\"elementor-element elementor-element-d98c1f1 e-flex e-con-boxed e-con e-parent\" data-id=\"d98c1f1\" data-element_type=\"container\" data-e-type=\"container\">\n\t\t\t\t\t<div class=\"e-con-inner\">\n\t\t\t\t<div class=\"elementor-element elementor-element-f5a44ea elementor-widget elementor-widget-text-editor\" data-id=\"f5a44ea\" data-element_type=\"widget\" data-e-type=\"widget\" data-widget_type=\"text-editor.default\">\n\t\t\t\t\t\t\t\t\t<h4><span class=\"a_GcMg font-feature-liga-off font-feature-clig-off font-feature-calt-off text-decoration-none text-strikethrough-none\">Annullamento e rinuncia:<\/span><\/h4><p><span class=\"a_GcMg font-feature-liga-off font-feature-clig-off font-feature-calt-off text-decoration-none text-strikethrough-none\">L\u2019attivit\u00e0 viene pagata solo se confermata. In caso di annullamento successivo al pagamento ci accorderemo per le modalit\u00e0 di restituzione della cifra.<\/span><\/p>\t\t\t\t\t\t\t\t<\/div>\n\t\t\t\t\t<\/div>\n\t\t\t\t<\/div>\n\t\t<div class=\"elementor-element elementor-element-c00c59d e-flex e-con-boxed e-con e-parent\" data-id=\"c00c59d\" data-element_type=\"container\" data-e-type=\"container\">\n\t\t\t\t\t<div class=\"e-con-inner\">\n\t\t\t\t<div class=\"elementor-element elementor-element-e20cb29 elementor-widget elementor-widget-text-editor\" data-id=\"e20cb29\" data-element_type=\"widget\" data-e-type=\"widget\" data-widget_type=\"text-editor.default\">\n\t\t\t\t\t\t\t\t\t<h4><span class=\"a_GcMg font-feature-liga-on font-feature-clig-on font-feature-calt-on text-decoration-none text-strikethrough-none\">Escursioni e uscite didattiche:<\/span><\/h4><p><span class=\"a_GcMg font-feature-liga-on font-feature-clig-on font-feature-calt-on text-decoration-none text-strikethrough-none\">I prezzi delle attivit\u00e0 che prevedono uscite in ambiente naturale includono il servizio di guida ambientale escursionistica (ai sensi della L.R.T 86\/2016 e successive modifiche) e la copertura assicurativa RCT. Al momento della prenotazione verr\u00e0 fornito un documento informativo che include i dati del percorso, un elenco preciso del materiale, dell\u2019attrezzatura e dell\u2019abbigliamento indispensabili per i\\le partecipanti, oltre <\/span>a una lista di cose consigliate. Si ricorda che una guida ambientale \u00e8 per legge obbligata a non accettare in escursione chi dovesse avere un abbigliamento o un\u2019attrezzatura non idonei al percorso, quindi in caso si dovesse verificare lo spiacevole inconveniente di partecipanti con scarpe o vestiti che non garantiscano un\u2019uscita in sicurezza, sar\u00f2 costretto ad annullare: in ogni caso le uscite che propongo sono tutte molto semplici e sicure, quindi questa eventualit\u00e0 \u00e8 davvero improbabile (impossibile se si seguono le istruzioni presenti nel documento).<\/p><div><div><p>In caso di maltempo, danni improvvisi ai sentieri (frane, alberi caduti, etc) o problemi simili l\u2019escursione potrebbe essere rimandata, anche con poche ore di preavviso. L\u2019itinerario potrebbe subire modifiche, anche dopo la partenza, a decisione insindacabile della guida per motivi organizzativi e di sicurezza.<\/p><\/div><div><p>Per questo genere di attivit\u00e0, \u00e8 per me importante conoscere in anticipo eventuali allergie, fobie, disabilit\u00e0, esigenze particolari o patologie rilevanti dei\\delle partecipanti: <a href=\"http:\/\/www.andreabartolifangio.it\\cosa_comunicare\">QUI<\/a> potete trovare un elenco di informazioni che mi \u00e8 utile sapere per garantire un ottimale godimento dell\u2019escursione.<\/p><\/div><\/div>\t\t\t\t\t\t\t\t<\/div>\n\t\t\t\t\t<\/div>\n\t\t\t\t<\/div>\n\t\t<div class=\"elementor-element elementor-element-e5ac407 e-flex e-con-boxed e-con e-parent\" data-id=\"e5ac407\" data-element_type=\"container\" data-e-type=\"container\">\n\t\t\t\t\t<div class=\"e-con-inner\">\n\t\t\t\t<div class=\"elementor-element elementor-element-6ec5c19 elementor-align-justify elementor-widget elementor-widget-button\" data-id=\"6ec5c19\" data-element_type=\"widget\" data-e-type=\"widget\" data-widget_type=\"button.default\">\n\t\t\t\t\t\t\t\t\t\t<a class=\"elementor-button elementor-button-link elementor-size-sm\" href=\"https:\/\/andreabartolifangio.it\/wp-content\/uploads\/2025\/08\/Proposte-didattiche-Andrea-B.-Fangio-2025-26_compressed.pdf\">\n\t\t\t\t\t\t<span class=\"elementor-button-content-wrapper\">\n\t\t\t\t\t\t\t\t\t<span class=\"elementor-button-text\">Scarica il catalogo in PDF<\/span>\n\t\t\t\t\t<\/span>\n\t\t\t\t\t<\/a>\n\t\t\t\t\t\t\t\t<\/div>\n\t\t\t\t\t<\/div>\n\t\t\t\t<\/div>\n\t\t\t\t<\/div>\n\t\t","protected":false},"excerpt":{"rendered":"<p>SCUOLA PRIMARIA SCUOLA SECONDARIA DI PRIMO GRADO SCUOLA SECONDARIA DI SECONDO GRADO La mia didattica: [&hellip;]<\/p>\n","protected":false},"author":1,"featured_media":0,"parent":125,"menu_order":1,"comment_status":"closed","ping_status":"closed","template":"","meta":{"_eb_attr":"","footnotes":""},"class_list":["post-31","page","type-page","status-publish","hentry"],"_links":{"self":[{"href":"https:\/\/andreabartolifangio.it\/index.php\/wp-json\/wp\/v2\/pages\/31","targetHints":{"allow":["GET"]}}],"collection":[{"href":"https:\/\/andreabartolifangio.it\/index.php\/wp-json\/wp\/v2\/pages"}],"about":[{"href":"https:\/\/andreabartolifangio.it\/index.php\/wp-json\/wp\/v2\/types\/page"}],"author":[{"embeddable":true,"href":"https:\/\/andreabartolifangio.it\/index.php\/wp-json\/wp\/v2\/users\/1"}],"replies":[{"embeddable":true,"href":"https:\/\/andreabartolifangio.it\/index.php\/wp-json\/wp\/v2\/comments?post=31"}],"version-history":[{"count":27,"href":"https:\/\/andreabartolifangio.it\/index.php\/wp-json\/wp\/v2\/pages\/31\/revisions"}],"predecessor-version":[{"id":654,"href":"https:\/\/andreabartolifangio.it\/index.php\/wp-json\/wp\/v2\/pages\/31\/revisions\/654"}],"up":[{"embeddable":true,"href":"https:\/\/andreabartolifangio.it\/index.php\/wp-json\/wp\/v2\/pages\/125"}],"wp:attachment":[{"href":"https:\/\/andreabartolifangio.it\/index.php\/wp-json\/wp\/v2\/media?parent=31"}],"curies":[{"name":"wp","href":"https:\/\/api.w.org\/{rel}","templated":true}]}}